{"id":8,"date":"2025-01-27T20:27:01","date_gmt":"2025-01-27T20:27:01","guid":{"rendered":"https:\/\/exploreazalumea.ro\/acasa\/"},"modified":"2025-02-20T12:17:23","modified_gmt":"2025-02-20T12:17:23","slug":"home","status":"publish","type":"page","link":"https:\/\/exploreazalumea.ro\/en\/home\/","title":{"rendered":"Home"},"content":{"rendered":"<div style=\"background-image:url(&#039;https:\/\/images.unsplash.com\/photo-1516546453174-5e1098a4b4af?crop=entropy&amp;cs=srgb&amp;fm=jpg&amp;ixid=M3w0NTI1Mzl8MHwxfHNlYXJjaHwzfHx0cmF2ZWwlMjBwbGFubmluZ3xlbnwwfHx8fDE3Mzc5MTMzMDF8MA&amp;ixlib=rb-4.0.3&amp;q=85&amp;w=1920&amp;h=800&amp;fit=crop&#039;);background-position:50% 50%;background-size:cover;\" class=\"wp-block-group alignfull hostinger-ai-background-image hostinger-ai-hero-opacity hostinger-ai-fade-up has-background\"><div class=\"wp-block-group__inner-container is-layout-constrained wp-block-group-is-layout-constrained\">\n<div class=\"wp-block-group alignwide hostinger-ai-fade-up is-vertical is-content-justification-center is-nowrap is-layout-flex wp-container-core-group-is-layout-2 wp-block-group-is-layout-flex\" style=\"min-height:800px;padding-top:var(--wp--preset--spacing--40);padding-bottom:var(--wp--preset--spacing--40)\">\n<div class=\"wp-block-group hostinger-ai-fade-up wp-container-content-1 is-content-justification-center\"><div class=\"wp-block-group__inner-container is-layout-constrained wp-block-group-is-layout-constrained\">\n<h1 class=\"wp-block-heading has-text-align-center hostinger-ai-title has-light-color has-text-color has-link-color has-xx-large-font-size wp-elements-17c18ff15899be7d0a1f41b03d55d1e3\" style=\"margin-top:0;margin-right:0;margin-bottom:0;margin-left:0\">Exploreaz\u0103 Lumea<\/h1>\n\n\n\n<p class=\"has-text-align-center hostinger-ai-description has-light-color has-text-color has-link-color has-medium-font-size wp-elements-7f061e60efd26339b71d0834aae98836\" style=\"margin-top:var(--wp--preset--spacing--20);margin-bottom:var(--wp--preset--spacing--50)\">Descoper\u0103 destina\u021bii captivante \u0219i planific\u0103-\u021bi vacan\u021ba de vis cu noi!<\/p>\n\n\n\n<div class=\"wp-block-buttons is-content-justification-center is-layout-flex wp-container-core-buttons-is-layout-1 wp-block-buttons-is-layout-flex\">\n<div class=\"wp-block-button has-custom-font-size hostinger-ai-cta-button has-medium-font-size\"><a class=\"wp-block-button__link has-light-color has-contrast-background-color has-text-color has-background has-link-color has-border-color has-light-border-color wp-element-button\" style=\"padding-top:var(--wp--preset--spacing--30);padding-right:var(--wp--preset--spacing--70);padding-bottom:var(--wp--preset--spacing--30);padding-left:var(--wp--preset--spacing--70)\">\u00cencepe Aventura<\/a><\/div>\n<\/div>\n<\/div><\/div>\n<\/div>\n<\/div><\/div>\n\n\n\n<div class=\"wp-block-group alignfull hostinger-ai-about-us-2 hostinger-ai-fade-up\"><div class=\"wp-block-group__inner-container is-layout-constrained wp-block-group-is-layout-constrained\">\n<div class=\"wp-block-group alignwide hostinger-ai-fade-up is-layout-grid wp-container-core-group-is-layout-6 wp-block-group-is-layout-grid\" style=\"padding-top:var(--wp--preset--spacing--60);padding-right:0;padding-bottom:var(--wp--preset--spacing--60);padding-left:0\">\n<div class=\"wp-block-group hostinger-ai-fade-up\"><div class=\"wp-block-group__inner-container is-layout-constrained wp-block-group-is-layout-constrained\">\n<figure class=\"wp-block-image size-full has-custom-border hostinger-ai-image hostinger-index-1\"><img decoding=\"async\" src=\"https:\/\/images.unsplash.com\/photo-1578894381163-e72c17f2d45f?crop=entropy&amp;cs=srgb&amp;fm=jpg&amp;ixid=M3w0NTI1Mzl8MHwxfHNlYXJjaHw0fHx0cmF2ZWwlMjBwbGFubmluZ3xlbnwwfHx8fDE3Mzc5MTMzMDF8MA&amp;ixlib=rb-4.0.3&amp;q=85&amp;w=584&amp;h=438&amp;fit=crop\" alt=\"\" class=\"wp-image-18\" style=\"border-radius:8px\"\/><\/figure>\n<\/div><\/div>\n\n\n\n<div class=\"wp-block-group hostinger-ai-fade-up wp-container-content-2 is-vertical is-content-justification-left is-nowrap is-layout-flex wp-container-core-group-is-layout-5 wp-block-group-is-layout-flex\" style=\"padding-right:var(--wp--preset--spacing--60);padding-left:var(--wp--preset--spacing--60)\">\n<h2 class=\"wp-block-heading hostinger-ai-title has-dark-color has-text-color has-link-color has-x-large-font-size wp-elements-262de7a3634f1ab6f13ecced2607ef0f\" style=\"margin-top:0;margin-right:0;margin-bottom:0;margin-left:0;padding-bottom:var(--wp--preset--spacing--20)\">Discover the World<\/h2>\n\n\n\n<p class=\"hostinger-ai-description has-dark-color has-text-color has-link-color has-medium-font-size wp-elements-0ebfce170888c67504cfa3915c9e3d68\" style=\"margin-top:0;margin-bottom:var(--wp--preset--spacing--50)\">Al\u0103tur\u0103-te nou\u0103 pentru a explora cele mai captivante destina\u021bii, tururi virtuale \u0219i ghiduri personalizate pentru o experien\u021b\u0103 de neuitat \u00een c\u0103l\u0103torii.<\/p>\n\n\n\n<div class=\"wp-block-buttons is-layout-flex wp-block-buttons-is-layout-flex\">\n<div class=\"wp-block-button has-custom-font-size hostinger-ai-cta-button hostinger-index-0 has-medium-font-size\"><a class=\"wp-block-button__link has-dark-color has-text-color has-link-color has-border-color has-dark-border-color wp-element-button\" href=\"https:\/\/exploreazalumea.ro\/en\/\" style=\"padding-top:var(--wp--preset--spacing--30);padding-right:var(--wp--preset--spacing--70);padding-bottom:var(--wp--preset--spacing--30);padding-left:var(--wp--preset--spacing--70)\">\u00cencepe Aventura<\/a><\/div>\n<\/div>\n<\/div>\n<\/div>\n<\/div><\/div>\n\n\n\n<div class=\"wp-block-group alignfull hostinger-ai-our-services-2 hostinger-ai-fade-up has-color-2-background-color has-background\" style=\"margin-bottom:0;padding-top:var(--wp--preset--spacing--60);padding-bottom:var(--wp--preset--spacing--60)\"><div class=\"wp-block-group__inner-container is-layout-constrained wp-block-group-is-layout-constrained\">\n<div class=\"wp-block-group alignwide hostinger-ai-fade-up is-content-justification-left\"><div class=\"wp-block-group__inner-container is-layout-constrained wp-container-core-group-is-layout-12 wp-block-group-is-layout-constrained\">\n<h2 class=\"wp-block-heading is-style-default hostinger-ai-title has-light-color has-text-color has-link-color has-x-large-font-size wp-elements-7cd81c9ae7af39323ff8940d7a7d305a\" style=\"margin-bottom:var(--wp--preset--spacing--50)\">Explorare Global\u0103<\/h2>\n\n\n\n<div class=\"wp-block-group alignwide hostinger-ai-fade-up is-layout-grid wp-container-core-group-is-layout-11 wp-block-group-is-layout-grid\">\n<div class=\"wp-block-group hostinger-ai-fade-up\" style=\"padding-top:0;padding-right:var(--wp--preset--spacing--20);padding-bottom:0;padding-left:var(--wp--preset--spacing--20)\"><div class=\"wp-block-group__inner-container is-layout-constrained wp-container-core-group-is-layout-8 wp-block-group-is-layout-constrained\">\n<figure class=\"wp-block-image size-full has-custom-border hostinger-ai-service-image\"><img decoding=\"async\" src=\"https:\/\/images.unsplash.com\/photo-1615826932727-ed9f182ac67e?crop=entropy&amp;cs=srgb&amp;fm=jpg&amp;ixid=M3w0NTI1Mzl8MHwxfHNlYXJjaHw1fHx0cmF2ZWwlMjBwbGFubmluZ3xlbnwwfHx8fDE3Mzc5MTMzMDF8MA&amp;ixlib=rb-4.0.3&amp;q=85&amp;w=340&amp;h=340&amp;fit=crop\" alt=\"\" class=\"wp-image-160\" style=\"border-radius:8px\"\/><\/figure>\n\n\n\n<p class=\"hostinger-ai-service-description has-light-color has-text-color has-link-color has-medium-font-size wp-elements-f0291b355e951321cd20a8a17fd2f49c\" style=\"margin-top:var(--wp--preset--spacing--40)\">Descoper\u0103 cele mai captivante destina\u021bii \u0219i planific\u0103-\u021bi vacan\u021ba visurilor tale cu noi.<\/p>\n<\/div><\/div>\n\n\n\n<div class=\"wp-block-group hostinger-ai-fade-up\" style=\"padding-right:var(--wp--preset--spacing--20);padding-left:var(--wp--preset--spacing--20)\"><div class=\"wp-block-group__inner-container is-layout-constrained wp-container-core-group-is-layout-9 wp-block-group-is-layout-constrained\">\n<figure class=\"wp-block-image size-full has-custom-border hostinger-ai-service-image hostinger-index-1\"><img decoding=\"async\" src=\"https:\/\/images.unsplash.com\/photo-1488190211105-8b0e65b80b4e?crop=entropy&amp;cs=srgb&amp;fm=jpg&amp;ixid=M3w0NTI1Mzl8MHwxfHNlYXJjaHw2fHx0cmF2ZWwlMjBwbGFubmluZ3xlbnwwfHx8fDE3Mzc5MTMzMDF8MA&amp;ixlib=rb-4.0.3&amp;q=85&amp;w=340&amp;h=340&amp;fit=crop\" alt=\"\" class=\"wp-image-160\" style=\"border-radius:8px\"\/><\/figure>\n\n\n\n<p class=\"hostinger-ai-service-description hostinger-index-1 has-light-color has-text-color has-link-color has-medium-font-size wp-elements-555b78b8eeb3499da06f39e910552f93\" style=\"margin-top:var(--wp--preset--spacing--40)\">Beneficiaz\u0103 de tururi virtuale 360\u00b0 \u0219i ghiduri detaliate pentru fiecare destina\u021bie aleas\u0103.<\/p>\n<\/div><\/div>\n\n\n\n<div class=\"wp-block-group hostinger-ai-fade-up\" style=\"padding-right:var(--wp--preset--spacing--20);padding-left:var(--wp--preset--spacing--20)\"><div class=\"wp-block-group__inner-container is-layout-constrained wp-container-core-group-is-layout-10 wp-block-group-is-layout-constrained\">\n<figure class=\"wp-block-image size-full has-custom-border hostinger-ai-service-image hostinger-index-2\"><img decoding=\"async\" src=\"https:\/\/images.unsplash.com\/photo-1488646953014-85cb44e25828?crop=entropy&amp;cs=srgb&amp;fm=jpg&amp;ixid=M3w0NTI1Mzl8MHwxfHNlYXJjaHw3fHx0cmF2ZWwlMjBwbGFubmluZ3xlbnwwfHx8fDE3Mzc5MTMzMDF8MA&amp;ixlib=rb-4.0.3&amp;q=85&amp;w=340&amp;h=340&amp;fit=crop\" alt=\"\" class=\"wp-image-160\" style=\"border-radius:8px\"\/><\/figure>\n\n\n\n<p class=\"hostinger-ai-service-description hostinger-index-2 has-light-color has-text-color has-link-color has-medium-font-size wp-elements-d3a9fbe5b99061286e4e66205e57fc97\" style=\"margin-top:var(--wp--preset--spacing--40)\">Ob\u021bine recomand\u0103ri personalizate \u0219i sfaturi utile pentru o experien\u021b\u0103 de c\u0103l\u0103torie de neuitat.<\/p>\n<\/div><\/div>\n<\/div>\n<\/div><\/div>\n<\/div><\/div>\n\n\n\n<div class=\"wp-block-group alignfull hostinger-ai-solid-block hostinger-ai-fade-up has-color-1-background-color has-background\" style=\"padding-top:var(--wp--preset--spacing--60);padding-bottom:var(--wp--preset--spacing--60)\"><div class=\"wp-block-group__inner-container is-layout-constrained wp-block-group-is-layout-constrained\">\n<div class=\"wp-block-group alignwide hostinger-ai-fade-up is-vertical is-content-justification-center is-nowrap is-layout-flex wp-container-core-group-is-layout-15 wp-block-group-is-layout-flex\" style=\"min-height:0px;padding-top:0;padding-bottom:0\">\n<div class=\"wp-block-group hostinger-ai-fade-up wp-container-content-3 is-content-justification-center\"><div class=\"wp-block-group__inner-container is-layout-constrained wp-block-group-is-layout-constrained\">\n<h2 class=\"wp-block-heading has-text-align-center hostinger-ai-title has-dark-color has-text-color has-link-color has-x-large-font-size wp-elements-99889c8e892a6d045e58084ca252f101\" style=\"margin-top:0;margin-right:0;margin-bottom:0;margin-left:0\">Discover the World<\/h2>\n\n\n\n<p class=\"has-text-align-center hostinger-ai-description has-dark-color has-text-color has-link-color has-medium-font-size wp-elements-c5c67d14bfb0f1d2b940ddc884601d4c\" style=\"margin-top:var(--wp--preset--spacing--20);margin-bottom:var(--wp--preset--spacing--50)\">Planific\u0103-\u021bi vacan\u021ba perfect\u0103 cu tururi virtuale, ghiduri detaliate \u0219i recomand\u0103ri personalizate pentru fiecare c\u0103l\u0103tor. Inspir\u0103-te acum!<\/p>\n\n\n\n<div class=\"wp-block-buttons is-content-justification-center is-layout-flex wp-container-core-buttons-is-layout-3 wp-block-buttons-is-layout-flex\">\n<div class=\"wp-block-button has-custom-font-size hostinger-ai-cta-button has-medium-font-size\"><a class=\"wp-block-button__link has-dark-color has-contrast-background-color has-text-color has-background has-link-color has-border-color has-dark-border-color wp-element-button\" href=\"https:\/\/exploreazalumea.ro\/en\/\" style=\"padding-top:var(--wp--preset--spacing--30);padding-right:var(--wp--preset--spacing--70);padding-bottom:var(--wp--preset--spacing--30);padding-left:var(--wp--preset--spacing--70)\">\u00cencepe<\/a><\/div>\n<\/div>\n<\/div><\/div>\n<\/div>\n<\/div><\/div>\n\n\n\n<div class=\"wp-block-group alignwide hostinger-ai-fade-up\"><div class=\"wp-block-group__inner-container is-layout-constrained wp-block-group-is-layout-constrained\">\n<div class=\"wp-block-group alignwide\"><div class=\"wp-block-group__inner-container is-layout-flow wp-block-group-is-layout-flow\">\n<h2 class=\"wp-block-heading alignfull has-text-align-left hostinger-ai-subtitle has-dark-color has-text-color has-link-color has-x-large-font-size wp-elements-67d1b956d152f08bf8d6c5c6edb41840\" style=\"margin-bottom:var(--wp--preset--spacing--50)\">C\u0103l\u0103torii de vis<\/h2>\n<\/div><\/div>\n\n\n\n<div class=\"wp-block-columns alignwide is-layout-flex wp-container-core-columns-is-layout-1 wp-block-columns-is-layout-flex\">\n<div class=\"wp-block-column is-layout-flow wp-block-column-is-layout-flow\" style=\"flex-basis:33.3333333%\">\n<p class=\"hostinger-ai-testimonial-text hostinger-index-0 has-dark-color has-text-color has-link-color has-medium-font-size wp-elements-76274cc13fb64d9a8c49dfad81ec5caf wp-container-content-4\" style=\"padding-left:var(--wp--preset--spacing--20)\">\u201dAm descoperit cele mai frumoase locuri datorit\u0103 recomand\u0103rilor de pe acest site fantastic!\u201d<\/p>\n<\/div>\n\n\n\n<div class=\"wp-block-column is-layout-flow wp-block-column-is-layout-flow\" style=\"flex-basis:33.3333333%\">\n<p class=\"hostinger-ai-testimonial-text hostinger-index-1 has-dark-color has-text-color has-link-color has-medium-font-size wp-elements-9b58df98403cead054c9db1a118d287d wp-container-content-5\" style=\"padding-left:var(--wp--preset--spacing--20)\">\u201dTururile virtuale 360\u00b0 m-au ajutat s\u0103 aleg destina\u021bia perfect\u0103 pentru vacan\u021ba mea.\u201d<\/p>\n<\/div>\n\n\n\n<div class=\"wp-block-column is-layout-flow wp-block-column-is-layout-flow\" style=\"flex-basis:33.3333333%\">\n<p class=\"hostinger-ai-testimonial-text hostinger-index-2 has-dark-color has-text-color has-link-color has-medium-font-size wp-elements-a6dff464a75323b4f2f379b231e351df wp-container-content-6\" style=\"padding-left:var(--wp--preset--spacing--20)\">\u201dExploreaza lumea m-a inspirat s\u0103 planific o aventur\u0103 exotic\u0103 pe care nu o voi uita niciodat\u0103.\u201d<\/p>\n<\/div>\n<\/div>\n<\/div><\/div>","protected":false},"excerpt":{"rendered":"<p>Exploreaz\u0103 Lumea Descoper\u0103 destina\u021bii captivante \u0219i planific\u0103-\u021bi vacan\u021ba de vis cu noi! Descoper\u0103 Lumea Al\u0103tur\u0103-te nou\u0103 pentru a explora cele mai captivante destina\u021bii, tururi virtuale \u0219i ghiduri personalizate pentru o experien\u021b\u0103 de neuitat \u00een c\u0103l\u0103torii. Explorare Global\u0103 Descoper\u0103 cele mai captivante destina\u021bii \u0219i planific\u0103-\u021bi vacan\u021ba visurilor tale cu noi. Beneficiaz\u0103 de tururi virtuale 360\u00b0 \u0219i<\/p>","protected":false},"author":5,"featured_media":0,"parent":0,"menu_order":0,"comment_status":"open","ping_status":"closed","template":"","meta":{"footnotes":""},"class_list":["post-8","page","type-page","status-publish"],"yoast_head":"<!-- This site is optimized with the Yoast SEO plugin v24.8.1 - https:\/\/yoast.com\/wordpress\/plugins\/seo\/ -->\n<title>Acasa - Exploreaza lumea<\/title>\n<meta name=\"robots\" content=\"index, follow, max-snippet:-1, max-image-preview:large, max-video-preview:-1\" \/>\n<link rel=\"canonical\" href=\"https:\/\/exploreazalumea.ro\/en\/home\/\" \/>\n<meta property=\"og:locale\" content=\"en_US\" \/>\n<meta property=\"og:type\" content=\"article\" \/>\n<meta property=\"og:title\" content=\"Acasa - Exploreaza lumea\" \/>\n<meta property=\"og:description\" content=\"Exploreaz\u0103 Lumea Descoper\u0103 destina\u021bii captivante \u0219i planific\u0103-\u021bi vacan\u021ba de vis cu noi! Descoper\u0103 Lumea Al\u0103tur\u0103-te nou\u0103 pentru a explora cele mai captivante destina\u021bii, tururi virtuale \u0219i ghiduri personalizate pentru o experien\u021b\u0103 de neuitat \u00een c\u0103l\u0103torii. Explorare Global\u0103 Descoper\u0103 cele mai captivante destina\u021bii \u0219i planific\u0103-\u021bi vacan\u021ba visurilor tale cu noi. Beneficiaz\u0103 de tururi virtuale 360\u00b0 \u0219i\" \/>\n<meta property=\"og:url\" content=\"https:\/\/exploreazalumea.ro\/en\/home\/\" \/>\n<meta property=\"og:site_name\" content=\"Exploreaza lumea\" \/>\n<meta property=\"article:modified_time\" content=\"2025-02-20T12:17:23+00:00\" \/>\n<meta name=\"twitter:card\" content=\"summary_large_image\" \/>\n<meta name=\"twitter:label1\" content=\"Est. reading time\" \/>\n\t<meta name=\"twitter:data1\" content=\"2 minutes\" \/>\n<script type=\"application\/ld+json\" class=\"yoast-schema-graph\">{\"@context\":\"https:\/\/schema.org\",\"@graph\":[{\"@type\":\"WebPage\",\"@id\":\"https:\/\/exploreazalumea.ro\/acasa\/\",\"url\":\"https:\/\/exploreazalumea.ro\/acasa\/\",\"name\":\"Acasa - Exploreaza lumea\",\"isPartOf\":{\"@id\":\"https:\/\/exploreazalumea.ro\/#website\"},\"primaryImageOfPage\":{\"@id\":\"https:\/\/exploreazalumea.ro\/acasa\/#primaryimage\"},\"image\":{\"@id\":\"https:\/\/exploreazalumea.ro\/acasa\/#primaryimage\"},\"thumbnailUrl\":\"https:\/\/images.unsplash.com\/photo-1578894381163-e72c17f2d45f?crop=entropy&amp;cs=srgb&amp;fm=jpg&amp;ixid=M3w0NTI1Mzl8MHwxfHNlYXJjaHw0fHx0cmF2ZWwlMjBwbGFubmluZ3xlbnwwfHx8fDE3Mzc5MTMzMDF8MA&amp;ixlib=rb-4.0.3&amp;q=85&amp;w=584&amp;h=438&amp;fit=crop\",\"datePublished\":\"2025-01-27T20:27:01+00:00\",\"dateModified\":\"2025-02-20T12:17:23+00:00\",\"breadcrumb\":{\"@id\":\"https:\/\/exploreazalumea.ro\/acasa\/#breadcrumb\"},\"inLanguage\":\"en-US\",\"potentialAction\":[{\"@type\":\"ReadAction\",\"target\":[\"https:\/\/exploreazalumea.ro\/acasa\/\"]}]},{\"@type\":\"ImageObject\",\"inLanguage\":\"en-US\",\"@id\":\"https:\/\/exploreazalumea.ro\/acasa\/#primaryimage\",\"url\":\"https:\/\/images.unsplash.com\/photo-1578894381163-e72c17f2d45f?crop=entropy&amp;cs=srgb&amp;fm=jpg&amp;ixid=M3w0NTI1Mzl8MHwxfHNlYXJjaHw0fHx0cmF2ZWwlMjBwbGFubmluZ3xlbnwwfHx8fDE3Mzc5MTMzMDF8MA&amp;ixlib=rb-4.0.3&amp;q=85&amp;w=584&amp;h=438&amp;fit=crop\",\"contentUrl\":\"https:\/\/images.unsplash.com\/photo-1578894381163-e72c17f2d45f?crop=entropy&amp;cs=srgb&amp;fm=jpg&amp;ixid=M3w0NTI1Mzl8MHwxfHNlYXJjaHw0fHx0cmF2ZWwlMjBwbGFubmluZ3xlbnwwfHx8fDE3Mzc5MTMzMDF8MA&amp;ixlib=rb-4.0.3&amp;q=85&amp;w=584&amp;h=438&amp;fit=crop\"},{\"@type\":\"BreadcrumbList\",\"@id\":\"https:\/\/exploreazalumea.ro\/acasa\/#breadcrumb\",\"itemListElement\":[{\"@type\":\"ListItem\",\"position\":1,\"name\":\"Home\",\"item\":\"https:\/\/exploreazalumea.ro\/\"},{\"@type\":\"ListItem\",\"position\":2,\"name\":\"Acasa\"}]},{\"@type\":\"WebSite\",\"@id\":\"https:\/\/exploreazalumea.ro\/#website\",\"url\":\"https:\/\/exploreazalumea.ro\/\",\"name\":\"Exploreaza lumea\",\"description\":\"Haideti sa exploram lumea impreuna, destinatii fascinate de vacanta, aventuri si multe alte.\",\"publisher\":{\"@id\":\"https:\/\/exploreazalumea.ro\/#organization\"},\"potentialAction\":[{\"@type\":\"SearchAction\",\"target\":{\"@type\":\"EntryPoint\",\"urlTemplate\":\"https:\/\/exploreazalumea.ro\/?s={search_term_string}\"},\"query-input\":{\"@type\":\"PropertyValueSpecification\",\"valueRequired\":true,\"valueName\":\"search_term_string\"}}],\"inLanguage\":\"en-US\"},{\"@type\":\"Organization\",\"@id\":\"https:\/\/exploreazalumea.ro\/#organization\",\"name\":\"Exploreaza lumea\",\"url\":\"https:\/\/exploreazalumea.ro\/\",\"logo\":{\"@type\":\"ImageObject\",\"inLanguage\":\"en-US\",\"@id\":\"https:\/\/exploreazalumea.ro\/#\/schema\/logo\/image\/\",\"url\":\"https:\/\/exploreazalumea.ro\/wp-content\/uploads\/2025\/01\/apple-touch-icon.png\",\"contentUrl\":\"https:\/\/exploreazalumea.ro\/wp-content\/uploads\/2025\/01\/apple-touch-icon.png\",\"width\":180,\"height\":180,\"caption\":\"Exploreaza lumea\"},\"image\":{\"@id\":\"https:\/\/exploreazalumea.ro\/#\/schema\/logo\/image\/\"}}]}<\/script>\n<!-- \/ Yoast SEO plugin. -->","yoast_head_json":{"title":"Acasa - Exploreaza lumea","robots":{"index":"index","follow":"follow","max-snippet":"max-snippet:-1","max-image-preview":"max-image-preview:large","max-video-preview":"max-video-preview:-1"},"canonical":"https:\/\/exploreazalumea.ro\/en\/home\/","og_locale":"en_US","og_type":"article","og_title":"Acasa - Exploreaza lumea","og_description":"Exploreaz\u0103 Lumea Descoper\u0103 destina\u021bii captivante \u0219i planific\u0103-\u021bi vacan\u021ba de vis cu noi! Descoper\u0103 Lumea Al\u0103tur\u0103-te nou\u0103 pentru a explora cele mai captivante destina\u021bii, tururi virtuale \u0219i ghiduri personalizate pentru o experien\u021b\u0103 de neuitat \u00een c\u0103l\u0103torii. Explorare Global\u0103 Descoper\u0103 cele mai captivante destina\u021bii \u0219i planific\u0103-\u021bi vacan\u021ba visurilor tale cu noi. Beneficiaz\u0103 de tururi virtuale 360\u00b0 \u0219i","og_url":"https:\/\/exploreazalumea.ro\/en\/home\/","og_site_name":"Exploreaza lumea","article_modified_time":"2025-02-20T12:17:23+00:00","twitter_card":"summary_large_image","twitter_misc":{"Est. reading time":"2 minutes"},"schema":{"@context":"https:\/\/schema.org","@graph":[{"@type":"WebPage","@id":"https:\/\/exploreazalumea.ro\/acasa\/","url":"https:\/\/exploreazalumea.ro\/acasa\/","name":"Acasa - Exploreaza lumea","isPartOf":{"@id":"https:\/\/exploreazalumea.ro\/#website"},"primaryImageOfPage":{"@id":"https:\/\/exploreazalumea.ro\/acasa\/#primaryimage"},"image":{"@id":"https:\/\/exploreazalumea.ro\/acasa\/#primaryimage"},"thumbnailUrl":"https:\/\/images.unsplash.com\/photo-1578894381163-e72c17f2d45f?crop=entropy&amp;cs=srgb&amp;fm=jpg&amp;ixid=M3w0NTI1Mzl8MHwxfHNlYXJjaHw0fHx0cmF2ZWwlMjBwbGFubmluZ3xlbnwwfHx8fDE3Mzc5MTMzMDF8MA&amp;ixlib=rb-4.0.3&amp;q=85&amp;w=584&amp;h=438&amp;fit=crop","datePublished":"2025-01-27T20:27:01+00:00","dateModified":"2025-02-20T12:17:23+00:00","breadcrumb":{"@id":"https:\/\/exploreazalumea.ro\/acasa\/#breadcrumb"},"inLanguage":"en-US","potentialAction":[{"@type":"ReadAction","target":["https:\/\/exploreazalumea.ro\/acasa\/"]}]},{"@type":"ImageObject","inLanguage":"en-US","@id":"https:\/\/exploreazalumea.ro\/acasa\/#primaryimage","url":"https:\/\/images.unsplash.com\/photo-1578894381163-e72c17f2d45f?crop=entropy&amp;cs=srgb&amp;fm=jpg&amp;ixid=M3w0NTI1Mzl8MHwxfHNlYXJjaHw0fHx0cmF2ZWwlMjBwbGFubmluZ3xlbnwwfHx8fDE3Mzc5MTMzMDF8MA&amp;ixlib=rb-4.0.3&amp;q=85&amp;w=584&amp;h=438&amp;fit=crop","contentUrl":"https:\/\/images.unsplash.com\/photo-1578894381163-e72c17f2d45f?crop=entropy&amp;cs=srgb&amp;fm=jpg&amp;ixid=M3w0NTI1Mzl8MHwxfHNlYXJjaHw0fHx0cmF2ZWwlMjBwbGFubmluZ3xlbnwwfHx8fDE3Mzc5MTMzMDF8MA&amp;ixlib=rb-4.0.3&amp;q=85&amp;w=584&amp;h=438&amp;fit=crop"},{"@type":"BreadcrumbList","@id":"https:\/\/exploreazalumea.ro\/acasa\/#breadcrumb","itemListElement":[{"@type":"ListItem","position":1,"name":"Home","item":"https:\/\/exploreazalumea.ro\/"},{"@type":"ListItem","position":2,"name":"Acasa"}]},{"@type":"WebSite","@id":"https:\/\/exploreazalumea.ro\/#website","url":"https:\/\/exploreazalumea.ro\/","name":"Explore the world","description":"Let's explore the world together, fascinating vacation destinations, adventures and more.","publisher":{"@id":"https:\/\/exploreazalumea.ro\/#organization"},"potentialAction":[{"@type":"SearchAction","target":{"@type":"EntryPoint","urlTemplate":"https:\/\/exploreazalumea.ro\/?s={search_term_string}"},"query-input":{"@type":"PropertyValueSpecification","valueRequired":true,"valueName":"search_term_string"}}],"inLanguage":"en-US"},{"@type":"Organization","@id":"https:\/\/exploreazalumea.ro\/#organization","name":"Explore the world","url":"https:\/\/exploreazalumea.ro\/","logo":{"@type":"ImageObject","inLanguage":"en-US","@id":"https:\/\/exploreazalumea.ro\/#\/schema\/logo\/image\/","url":"https:\/\/exploreazalumea.ro\/wp-content\/uploads\/2025\/01\/apple-touch-icon.png","contentUrl":"https:\/\/exploreazalumea.ro\/wp-content\/uploads\/2025\/01\/apple-touch-icon.png","width":180,"height":180,"caption":"Exploreaza lumea"},"image":{"@id":"https:\/\/exploreazalumea.ro\/#\/schema\/logo\/image\/"}}]}},"jetpack_sharing_enabled":true,"amp_enabled":true,"_links":{"self":[{"href":"https:\/\/exploreazalumea.ro\/en\/wp-json\/wp\/v2\/pages\/8","targetHints":{"allow":["GET"]}}],"collection":[{"href":"https:\/\/exploreazalumea.ro\/en\/wp-json\/wp\/v2\/pages"}],"about":[{"href":"https:\/\/exploreazalumea.ro\/en\/wp-json\/wp\/v2\/types\/page"}],"author":[{"embeddable":true,"href":"https:\/\/exploreazalumea.ro\/en\/wp-json\/wp\/v2\/users\/5"}],"replies":[{"embeddable":true,"href":"https:\/\/exploreazalumea.ro\/en\/wp-json\/wp\/v2\/comments?post=8"}],"version-history":[{"count":2,"href":"https:\/\/exploreazalumea.ro\/en\/wp-json\/wp\/v2\/pages\/8\/revisions"}],"predecessor-version":[{"id":6152,"href":"https:\/\/exploreazalumea.ro\/en\/wp-json\/wp\/v2\/pages\/8\/revisions\/6152"}],"wp:attachment":[{"href":"https:\/\/exploreazalumea.ro\/en\/wp-json\/wp\/v2\/media?parent=8"}],"curies":[{"name":"wp","href":"https:\/\/api.w.org\/{rel}","templated":true}]}}